{"id":33112,"date":"2025-01-28T11:42:19","date_gmt":"2025-01-28T10:42:19","guid":{"rendered":"https:\/\/skorpionshop.me\/product\/nutrifree-bezglutenske-kroasane-s-kajsijom-240g-6x-60g\/"},"modified":"2026-02-08T13:04:38","modified_gmt":"2026-02-08T12:04:38","slug":"nutrifree-bezglutenske-kroasane-s-kajsijom-240g-6x-60g","status":"publish","type":"product","link":"https:\/\/skorpionshop.me\/en\/product\/nutrifree-bezglutenske-kroasane-s-kajsijom-240g-6x-60g\/","title":{"rendered":"Nutrifree bezglutenski kroasani s kajsijom 240g (4x60g)"},"content":{"rendered":"<p><img decoding=\"async\" class=\"alignnone wp-image-27902 aligncenter\" src=\"https:\/\/skorpionshop.me\/wp-content\/uploads\/2024\/08\/Screenshot-2024-08-09-at-09-48-09--300x293.png\" alt=\"\" width=\"150\" height=\"147\" srcset=\"https:\/\/skorpionshop.me\/wp-content\/uploads\/2024\/08\/Screenshot-2024-08-09-at-09-48-09--300x293.png 300w, https:\/\/skorpionshop.me\/wp-content\/uploads\/2024\/08\/Screenshot-2024-08-09-at-09-48-09--50x50.png 50w, https:\/\/skorpionshop.me\/wp-content\/uploads\/2024\/08\/Screenshot-2024-08-09-at-09-48-09-.png 478w\" sizes=\"(max-width: 150px) 100vw, 150px\" \/><\/p>\n","protected":false},"excerpt":{"rendered":"<p>NOVO!!! Nutrifree bezglutenske kroasane !<\/p>\n<p>Novi Nutrifree kroasani su mekani i mirisni, sa delikatnim ukusom putera i ukusnim punjenjem kajsije ili \u010dokolade.<\/p>\n<p>Jedinstveni proizvod koji otkriva sav u\u017eitak doru\u010dka bez glutena i laktoze.<\/p>\n<p>Zahvaljujuc\u0301i formatu vi\u0161estrukog pakovanja sa 4 zgodne pojedina\u010dne porcije, Nutrifree kroasani su savr\u0161eni za ponijeti sa sobom, bez ikakvog rizika od kontaminacije, te su odli\u010dna i bezbjedna u\u017eina i za djecu.<\/p>\n","protected":false},"featured_media":30584,"template":"","meta":{"_acf_changed":false},"product_brand":[],"product_cat":[],"product_tag":[],"class_list":{"0":"post-33112","1":"product","2":"type-product","3":"status-publish","4":"has-post-thumbnail","7":"first","8":"outofstock","9":"shipping-taxable","10":"purchasable","11":"product-type-simple"},"acf":[],"yoast_head":"<!-- This site is optimized with the Yoast SEO plugin v26.9 - https:\/\/yoast.com\/product\/yoast-seo-wordpress\/ -->\n<title>Nutrifree bezglutenski kroasani s kajsijom 240g (4x60g) - Skorpion Shop<\/title>\n<meta name=\"robots\" content=\"index, follow, max-snippet:-1, max-image-preview:large, max-video-preview:-1\" \/>\n<link rel=\"canonical\" href=\"https:\/\/skorpionshop.me\/en\/product\/nutrifree-bezglutenske-kroasane-s-kajsijom-240g-6x-60g\/\" \/>\n<meta property=\"og:locale\" content=\"en_US\" \/>\n<meta property=\"og:type\" content=\"article\" \/>\n<meta property=\"og:title\" content=\"Nutrifree bezglutenski kroasani s kajsijom 240g (4x60g) - Skorpion Shop\" \/>\n<meta property=\"og:description\" content=\"NOVO!!! Nutrifree bezglutenske kroasane ! Novi Nutrifree kroasani su mekani i mirisni, sa delikatnim ukusom putera i ukusnim punjenjem kajsije ili \u010dokolade. Jedinstveni proizvod koji otkriva sav u\u017eitak doru\u010dka bez glutena i laktoze. Zahvaljujuc\u0301i formatu vi\u0161estrukog pakovanja sa 4 zgodne pojedina\u010dne porcije, Nutrifree kroasani su savr\u0161eni za ponijeti sa sobom, bez ikakvog rizika od kontaminacije, te su odli\u010dna i bezbjedna u\u017eina i za djecu.\" \/>\n<meta property=\"og:url\" content=\"https:\/\/skorpionshop.me\/en\/product\/nutrifree-bezglutenske-kroasane-s-kajsijom-240g-6x-60g\/\" \/>\n<meta property=\"og:site_name\" content=\"Skorpion Shop\" \/>\n<meta property=\"article:modified_time\" content=\"2026-02-08T12:04:38+00:00\" \/>\n<meta property=\"og:image\" content=\"https:\/\/skorpionshop.me\/wp-content\/uploads\/2025\/01\/bezglutenski-kroasani.webp\" \/>\n\t<meta property=\"og:image:width\" content=\"800\" \/>\n\t<meta property=\"og:image:height\" content=\"600\" \/>\n\t<meta property=\"og:image:type\" content=\"image\/webp\" \/>\n<meta name=\"twitter:card\" content=\"summary_large_image\" \/>\n<meta name=\"twitter:label1\" content=\"Est. reading time\" \/>\n\t<meta name=\"twitter:data1\" content=\"1 minute\" \/>\n<script type=\"application\/ld+json\" class=\"yoast-schema-graph\">{\"@context\":\"https:\/\/schema.org\",\"@graph\":[{\"@type\":\"WebPage\",\"@id\":\"https:\/\/skorpionshop.me\/en\/product\/nutrifree-bezglutenske-kroasane-s-kajsijom-240g-6x-60g\/\",\"url\":\"https:\/\/skorpionshop.me\/en\/product\/nutrifree-bezglutenske-kroasane-s-kajsijom-240g-6x-60g\/\",\"name\":\"Nutrifree bezglutenski kroasani s kajsijom 240g (4x60g) - Skorpion Shop\",\"isPartOf\":{\"@id\":\"https:\/\/skorpionshop.me\/#website\"},\"primaryImageOfPage\":{\"@id\":\"https:\/\/skorpionshop.me\/en\/product\/nutrifree-bezglutenske-kroasane-s-kajsijom-240g-6x-60g\/#primaryimage\"},\"image\":{\"@id\":\"https:\/\/skorpionshop.me\/en\/product\/nutrifree-bezglutenske-kroasane-s-kajsijom-240g-6x-60g\/#primaryimage\"},\"thumbnailUrl\":\"https:\/\/skorpionshop.me\/wp-content\/uploads\/2025\/01\/bezglutenski-kroasani.webp\",\"datePublished\":\"2025-01-28T10:42:19+00:00\",\"dateModified\":\"2026-02-08T12:04:38+00:00\",\"breadcrumb\":{\"@id\":\"https:\/\/skorpionshop.me\/en\/product\/nutrifree-bezglutenske-kroasane-s-kajsijom-240g-6x-60g\/#breadcrumb\"},\"inLanguage\":\"en-US\",\"potentialAction\":[{\"@type\":\"ReadAction\",\"target\":[\"https:\/\/skorpionshop.me\/en\/product\/nutrifree-bezglutenske-kroasane-s-kajsijom-240g-6x-60g\/\"]}]},{\"@type\":\"ImageObject\",\"inLanguage\":\"en-US\",\"@id\":\"https:\/\/skorpionshop.me\/en\/product\/nutrifree-bezglutenske-kroasane-s-kajsijom-240g-6x-60g\/#primaryimage\",\"url\":\"https:\/\/skorpionshop.me\/wp-content\/uploads\/2025\/01\/bezglutenski-kroasani.webp\",\"contentUrl\":\"https:\/\/skorpionshop.me\/wp-content\/uploads\/2025\/01\/bezglutenski-kroasani.webp\",\"width\":800,\"height\":600},{\"@type\":\"BreadcrumbList\",\"@id\":\"https:\/\/skorpionshop.me\/en\/product\/nutrifree-bezglutenske-kroasane-s-kajsijom-240g-6x-60g\/#breadcrumb\",\"itemListElement\":[{\"@type\":\"ListItem\",\"position\":1,\"name\":\"Home\",\"item\":\"https:\/\/skorpionshop.me\/en\/\"},{\"@type\":\"ListItem\",\"position\":2,\"name\":\"Shop\",\"item\":\"https:\/\/skorpionshop.me\/shop\/\"},{\"@type\":\"ListItem\",\"position\":3,\"name\":\"Nutrifree bezglutenski kroasani s kajsijom 240g (4x60g)\"}]},{\"@type\":\"WebSite\",\"@id\":\"https:\/\/skorpionshop.me\/#website\",\"url\":\"https:\/\/skorpionshop.me\/\",\"name\":\"Skorpion Shop\",\"description\":\"\",\"potentialAction\":[{\"@type\":\"SearchAction\",\"target\":{\"@type\":\"EntryPoint\",\"urlTemplate\":\"https:\/\/skorpionshop.me\/?s={search_term_string}\"},\"query-input\":{\"@type\":\"PropertyValueSpecification\",\"valueRequired\":true,\"valueName\":\"search_term_string\"}}],\"inLanguage\":\"en-US\"}]}<\/script>\n<!-- \/ Yoast SEO plugin. -->","yoast_head_json":{"title":"Nutrifree bezglutenski kroasani s kajsijom 240g (4x60g) - Skorpion Shop","robots":{"index":"index","follow":"follow","max-snippet":"max-snippet:-1","max-image-preview":"max-image-preview:large","max-video-preview":"max-video-preview:-1"},"canonical":"https:\/\/skorpionshop.me\/en\/product\/nutrifree-bezglutenske-kroasane-s-kajsijom-240g-6x-60g\/","og_locale":"en_US","og_type":"article","og_title":"Nutrifree bezglutenski kroasani s kajsijom 240g (4x60g) - Skorpion Shop","og_description":"NOVO!!! Nutrifree bezglutenske kroasane ! Novi Nutrifree kroasani su mekani i mirisni, sa delikatnim ukusom putera i ukusnim punjenjem kajsije ili \u010dokolade. Jedinstveni proizvod koji otkriva sav u\u017eitak doru\u010dka bez glutena i laktoze. Zahvaljujuc\u0301i formatu vi\u0161estrukog pakovanja sa 4 zgodne pojedina\u010dne porcije, Nutrifree kroasani su savr\u0161eni za ponijeti sa sobom, bez ikakvog rizika od kontaminacije, te su odli\u010dna i bezbjedna u\u017eina i za djecu.","og_url":"https:\/\/skorpionshop.me\/en\/product\/nutrifree-bezglutenske-kroasane-s-kajsijom-240g-6x-60g\/","og_site_name":"Skorpion Shop","article_modified_time":"2026-02-08T12:04:38+00:00","og_image":[{"width":800,"height":600,"url":"https:\/\/skorpionshop.me\/wp-content\/uploads\/2025\/01\/bezglutenski-kroasani.webp","type":"image\/webp"}],"twitter_card":"summary_large_image","twitter_misc":{"Est. reading time":"1 minute"},"schema":{"@context":"https:\/\/schema.org","@graph":[{"@type":"WebPage","@id":"https:\/\/skorpionshop.me\/en\/product\/nutrifree-bezglutenske-kroasane-s-kajsijom-240g-6x-60g\/","url":"https:\/\/skorpionshop.me\/en\/product\/nutrifree-bezglutenske-kroasane-s-kajsijom-240g-6x-60g\/","name":"Nutrifree bezglutenski kroasani s kajsijom 240g (4x60g) - Skorpion Shop","isPartOf":{"@id":"https:\/\/skorpionshop.me\/#website"},"primaryImageOfPage":{"@id":"https:\/\/skorpionshop.me\/en\/product\/nutrifree-bezglutenske-kroasane-s-kajsijom-240g-6x-60g\/#primaryimage"},"image":{"@id":"https:\/\/skorpionshop.me\/en\/product\/nutrifree-bezglutenske-kroasane-s-kajsijom-240g-6x-60g\/#primaryimage"},"thumbnailUrl":"https:\/\/skorpionshop.me\/wp-content\/uploads\/2025\/01\/bezglutenski-kroasani.webp","datePublished":"2025-01-28T10:42:19+00:00","dateModified":"2026-02-08T12:04:38+00:00","breadcrumb":{"@id":"https:\/\/skorpionshop.me\/en\/product\/nutrifree-bezglutenske-kroasane-s-kajsijom-240g-6x-60g\/#breadcrumb"},"inLanguage":"en-US","potentialAction":[{"@type":"ReadAction","target":["https:\/\/skorpionshop.me\/en\/product\/nutrifree-bezglutenske-kroasane-s-kajsijom-240g-6x-60g\/"]}]},{"@type":"ImageObject","inLanguage":"en-US","@id":"https:\/\/skorpionshop.me\/en\/product\/nutrifree-bezglutenske-kroasane-s-kajsijom-240g-6x-60g\/#primaryimage","url":"https:\/\/skorpionshop.me\/wp-content\/uploads\/2025\/01\/bezglutenski-kroasani.webp","contentUrl":"https:\/\/skorpionshop.me\/wp-content\/uploads\/2025\/01\/bezglutenski-kroasani.webp","width":800,"height":600},{"@type":"BreadcrumbList","@id":"https:\/\/skorpionshop.me\/en\/product\/nutrifree-bezglutenske-kroasane-s-kajsijom-240g-6x-60g\/#breadcrumb","itemListElement":[{"@type":"ListItem","position":1,"name":"Home","item":"https:\/\/skorpionshop.me\/en\/"},{"@type":"ListItem","position":2,"name":"Shop","item":"https:\/\/skorpionshop.me\/shop\/"},{"@type":"ListItem","position":3,"name":"Nutrifree bezglutenski kroasani s kajsijom 240g (4x60g)"}]},{"@type":"WebSite","@id":"https:\/\/skorpionshop.me\/#website","url":"https:\/\/skorpionshop.me\/","name":"Skorpion Shop","description":"","potentialAction":[{"@type":"SearchAction","target":{"@type":"EntryPoint","urlTemplate":"https:\/\/skorpionshop.me\/?s={search_term_string}"},"query-input":{"@type":"PropertyValueSpecification","valueRequired":true,"valueName":"search_term_string"}}],"inLanguage":"en-US"}]}},"_links":{"self":[{"href":"https:\/\/skorpionshop.me\/en\/wp-json\/wp\/v2\/product\/33112","targetHints":{"allow":["GET"]}}],"collection":[{"href":"https:\/\/skorpionshop.me\/en\/wp-json\/wp\/v2\/product"}],"about":[{"href":"https:\/\/skorpionshop.me\/en\/wp-json\/wp\/v2\/types\/product"}],"version-history":[{"count":1,"href":"https:\/\/skorpionshop.me\/en\/wp-json\/wp\/v2\/product\/33112\/revisions"}],"predecessor-version":[{"id":33113,"href":"https:\/\/skorpionshop.me\/en\/wp-json\/wp\/v2\/product\/33112\/revisions\/33113"}],"wp:featuredmedia":[{"embeddable":true,"href":"https:\/\/skorpionshop.me\/en\/wp-json\/wp\/v2\/media\/30584"}],"wp:attachment":[{"href":"https:\/\/skorpionshop.me\/en\/wp-json\/wp\/v2\/media?parent=33112"}],"wp:term":[{"taxonomy":"product_brand","embeddable":true,"href":"https:\/\/skorpionshop.me\/en\/wp-json\/wp\/v2\/product_brand?post=33112"},{"taxonomy":"product_cat","embeddable":true,"href":"https:\/\/skorpionshop.me\/en\/wp-json\/wp\/v2\/product_cat?post=33112"},{"taxonomy":"product_tag","embeddable":true,"href":"https:\/\/skorpionshop.me\/en\/wp-json\/wp\/v2\/product_tag?post=33112"}],"curies":[{"name":"wp","href":"https:\/\/api.w.org\/{rel}","templated":true}]}}