{"id":33106,"date":"2021-05-31T08:52:01","date_gmt":"2021-05-31T06:52:01","guid":{"rendered":"https:\/\/skorpionshop.me\/product\/just-superior-bademov-puter-250g\/"},"modified":"2026-02-08T01:58:23","modified_gmt":"2026-02-08T00:58:23","slug":"just-superior-bademov-puter-250g","status":"publish","type":"product","link":"https:\/\/skorpionshop.me\/en\/product\/just-superior-bademov-puter-250g\/","title":{"rendered":"Just Superior bademov puter 185g"},"content":{"rendered":"","protected":false},"excerpt":{"rendered":"<p>Puter od badema \u2013 kremast i preukusan, od 100% celih organskih badema sorte Tuono, ne\u017eno mlevenih na kamenom mlinu \u2013 za dan pun zdravog u\u017eivanja!<\/p>\n<p>Sastojci: 100% badem (organski)<\/p>\n<p>Organski Superior 100% bademov puter<br \/>\nIsklju\u010divo od cijelih badema prve klase (nikad od lomljenih plodova)<br \/>\nSavr\u0161eno kremast \u2013 proizveden tradicionalnom tehnologijom na kamenom mlinu<br \/>\nBez odma\u0161\u0107ivanja i bez dodavanja drugih biljnih ulja, bez ikakvih dodataka i aditiva<br \/>\nOrganski proizvod savr\u0161enog ukusa koji poti\u010de od posebne sorte badema sa Sicilije Tuono, bez imalo gor\u010dine<br \/>\nOvakav puter ima sve zdravstvene befenite koje ima i organski badem<\/p>\n","protected":false},"featured_media":30259,"template":"","meta":{"_acf_changed":false},"product_brand":[],"product_cat":[1246,1245,1306,1230,1232,1339,1237,1298,1301,1236,1233,1342],"product_tag":[1352],"class_list":{"0":"post-33106","1":"product","2":"type-product","3":"status-publish","4":"has-post-thumbnail","6":"product_cat-biscuits-and-cereals","7":"product_cat-breads-and-tortillas","8":"product_cat-food-preparation","9":"product_cat-gluten-free","10":"product_cat-lactose-free","11":"product_cat-organic","12":"product_cat-organic-products","13":"product_cat-soft-drinks","14":"product_cat-sparkling-water","15":"product_cat-spreads-and-jams","16":"product_cat-sugar-free","17":"product_cat-vegan-products","18":"product_tag-just-superior","20":"first","21":"instock","22":"shipping-taxable","23":"purchasable","24":"product-type-simple"},"acf":[],"yoast_head":"<!-- This site is optimized with the Yoast SEO plugin v26.9 - https:\/\/yoast.com\/product\/yoast-seo-wordpress\/ -->\n<title>Just Superior bademov puter 185g - Skorpion Shop<\/title>\n<meta name=\"robots\" content=\"index, follow, max-snippet:-1, max-image-preview:large, max-video-preview:-1\" \/>\n<link rel=\"canonical\" href=\"https:\/\/skorpionshop.me\/en\/product\/just-superior-bademov-puter-250g\/\" \/>\n<meta property=\"og:locale\" content=\"en_US\" \/>\n<meta property=\"og:type\" content=\"article\" \/>\n<meta property=\"og:title\" content=\"Just Superior bademov puter 185g - Skorpion Shop\" \/>\n<meta property=\"og:description\" content=\"Puter od badema \u2013 kremast i preukusan, od 100% celih organskih badema sorte Tuono, ne\u017eno mlevenih na kamenom mlinu \u2013 za dan pun zdravog u\u017eivanja!  Sastojci: 100% badem (organski)  Organski Superior 100% bademov puter Isklju\u010divo od cijelih badema prve klase (nikad od lomljenih plodova) Savr\u0161eno kremast \u2013 proizveden tradicionalnom tehnologijom na kamenom mlinu Bez odma\u0161\u0107ivanja i bez dodavanja drugih biljnih ulja, bez ikakvih dodataka i aditiva Organski proizvod savr\u0161enog ukusa koji poti\u010de od posebne sorte badema sa Sicilije Tuono, bez imalo gor\u010dine Ovakav puter ima sve zdravstvene befenite koje ima i organski badem\" \/>\n<meta property=\"og:url\" content=\"https:\/\/skorpionshop.me\/en\/product\/just-superior-bademov-puter-250g\/\" \/>\n<meta property=\"og:site_name\" content=\"Skorpion Shop\" \/>\n<meta property=\"article:modified_time\" content=\"2026-02-08T00:58:23+00:00\" \/>\n<meta property=\"og:image\" content=\"https:\/\/skorpionshop.me\/wp-content\/uploads\/2021\/05\/bademov-puter-185g-1.png\" \/>\n\t<meta property=\"og:image:width\" content=\"900\" \/>\n\t<meta property=\"og:image:height\" content=\"965\" \/>\n\t<meta property=\"og:image:type\" content=\"image\/png\" \/>\n<meta name=\"twitter:card\" content=\"summary_large_image\" \/>\n<meta name=\"twitter:label1\" content=\"Est. reading time\" \/>\n\t<meta name=\"twitter:data1\" content=\"1 minute\" \/>\n<script type=\"application\/ld+json\" class=\"yoast-schema-graph\">{\"@context\":\"https:\/\/schema.org\",\"@graph\":[{\"@type\":\"WebPage\",\"@id\":\"https:\/\/skorpionshop.me\/en\/product\/just-superior-bademov-puter-250g\/\",\"url\":\"https:\/\/skorpionshop.me\/en\/product\/just-superior-bademov-puter-250g\/\",\"name\":\"Just Superior bademov puter 185g - Skorpion Shop\",\"isPartOf\":{\"@id\":\"https:\/\/skorpionshop.me\/#website\"},\"primaryImageOfPage\":{\"@id\":\"https:\/\/skorpionshop.me\/en\/product\/just-superior-bademov-puter-250g\/#primaryimage\"},\"image\":{\"@id\":\"https:\/\/skorpionshop.me\/en\/product\/just-superior-bademov-puter-250g\/#primaryimage\"},\"thumbnailUrl\":\"https:\/\/skorpionshop.me\/wp-content\/uploads\/2021\/05\/bademov-puter-185g-1.png\",\"datePublished\":\"2021-05-31T06:52:01+00:00\",\"dateModified\":\"2026-02-08T00:58:23+00:00\",\"breadcrumb\":{\"@id\":\"https:\/\/skorpionshop.me\/en\/product\/just-superior-bademov-puter-250g\/#breadcrumb\"},\"inLanguage\":\"en-US\",\"potentialAction\":[{\"@type\":\"ReadAction\",\"target\":[\"https:\/\/skorpionshop.me\/en\/product\/just-superior-bademov-puter-250g\/\"]}]},{\"@type\":\"ImageObject\",\"inLanguage\":\"en-US\",\"@id\":\"https:\/\/skorpionshop.me\/en\/product\/just-superior-bademov-puter-250g\/#primaryimage\",\"url\":\"https:\/\/skorpionshop.me\/wp-content\/uploads\/2021\/05\/bademov-puter-185g-1.png\",\"contentUrl\":\"https:\/\/skorpionshop.me\/wp-content\/uploads\/2021\/05\/bademov-puter-185g-1.png\",\"width\":900,\"height\":965},{\"@type\":\"BreadcrumbList\",\"@id\":\"https:\/\/skorpionshop.me\/en\/product\/just-superior-bademov-puter-250g\/#breadcrumb\",\"itemListElement\":[{\"@type\":\"ListItem\",\"position\":1,\"name\":\"Home\",\"item\":\"https:\/\/skorpionshop.me\/en\/\"},{\"@type\":\"ListItem\",\"position\":2,\"name\":\"Shop\",\"item\":\"https:\/\/skorpionshop.me\/shop\/\"},{\"@type\":\"ListItem\",\"position\":3,\"name\":\"Just Superior bademov puter 185g\"}]},{\"@type\":\"WebSite\",\"@id\":\"https:\/\/skorpionshop.me\/#website\",\"url\":\"https:\/\/skorpionshop.me\/\",\"name\":\"Skorpion Shop\",\"description\":\"\",\"potentialAction\":[{\"@type\":\"SearchAction\",\"target\":{\"@type\":\"EntryPoint\",\"urlTemplate\":\"https:\/\/skorpionshop.me\/?s={search_term_string}\"},\"query-input\":{\"@type\":\"PropertyValueSpecification\",\"valueRequired\":true,\"valueName\":\"search_term_string\"}}],\"inLanguage\":\"en-US\"}]}<\/script>\n<!-- \/ Yoast SEO plugin. -->","yoast_head_json":{"title":"Just Superior bademov puter 185g - Skorpion Shop","robots":{"index":"index","follow":"follow","max-snippet":"max-snippet:-1","max-image-preview":"max-image-preview:large","max-video-preview":"max-video-preview:-1"},"canonical":"https:\/\/skorpionshop.me\/en\/product\/just-superior-bademov-puter-250g\/","og_locale":"en_US","og_type":"article","og_title":"Just Superior bademov puter 185g - Skorpion Shop","og_description":"Puter od badema \u2013 kremast i preukusan, od 100% celih organskih badema sorte Tuono, ne\u017eno mlevenih na kamenom mlinu \u2013 za dan pun zdravog u\u017eivanja!  Sastojci: 100% badem (organski)  Organski Superior 100% bademov puter Isklju\u010divo od cijelih badema prve klase (nikad od lomljenih plodova) Savr\u0161eno kremast \u2013 proizveden tradicionalnom tehnologijom na kamenom mlinu Bez odma\u0161\u0107ivanja i bez dodavanja drugih biljnih ulja, bez ikakvih dodataka i aditiva Organski proizvod savr\u0161enog ukusa koji poti\u010de od posebne sorte badema sa Sicilije Tuono, bez imalo gor\u010dine Ovakav puter ima sve zdravstvene befenite koje ima i organski badem","og_url":"https:\/\/skorpionshop.me\/en\/product\/just-superior-bademov-puter-250g\/","og_site_name":"Skorpion Shop","article_modified_time":"2026-02-08T00:58:23+00:00","og_image":[{"width":900,"height":965,"url":"https:\/\/skorpionshop.me\/wp-content\/uploads\/2021\/05\/bademov-puter-185g-1.png","type":"image\/png"}],"twitter_card":"summary_large_image","twitter_misc":{"Est. reading time":"1 minute"},"schema":{"@context":"https:\/\/schema.org","@graph":[{"@type":"WebPage","@id":"https:\/\/skorpionshop.me\/en\/product\/just-superior-bademov-puter-250g\/","url":"https:\/\/skorpionshop.me\/en\/product\/just-superior-bademov-puter-250g\/","name":"Just Superior bademov puter 185g - Skorpion Shop","isPartOf":{"@id":"https:\/\/skorpionshop.me\/#website"},"primaryImageOfPage":{"@id":"https:\/\/skorpionshop.me\/en\/product\/just-superior-bademov-puter-250g\/#primaryimage"},"image":{"@id":"https:\/\/skorpionshop.me\/en\/product\/just-superior-bademov-puter-250g\/#primaryimage"},"thumbnailUrl":"https:\/\/skorpionshop.me\/wp-content\/uploads\/2021\/05\/bademov-puter-185g-1.png","datePublished":"2021-05-31T06:52:01+00:00","dateModified":"2026-02-08T00:58:23+00:00","breadcrumb":{"@id":"https:\/\/skorpionshop.me\/en\/product\/just-superior-bademov-puter-250g\/#breadcrumb"},"inLanguage":"en-US","potentialAction":[{"@type":"ReadAction","target":["https:\/\/skorpionshop.me\/en\/product\/just-superior-bademov-puter-250g\/"]}]},{"@type":"ImageObject","inLanguage":"en-US","@id":"https:\/\/skorpionshop.me\/en\/product\/just-superior-bademov-puter-250g\/#primaryimage","url":"https:\/\/skorpionshop.me\/wp-content\/uploads\/2021\/05\/bademov-puter-185g-1.png","contentUrl":"https:\/\/skorpionshop.me\/wp-content\/uploads\/2021\/05\/bademov-puter-185g-1.png","width":900,"height":965},{"@type":"BreadcrumbList","@id":"https:\/\/skorpionshop.me\/en\/product\/just-superior-bademov-puter-250g\/#breadcrumb","itemListElement":[{"@type":"ListItem","position":1,"name":"Home","item":"https:\/\/skorpionshop.me\/en\/"},{"@type":"ListItem","position":2,"name":"Shop","item":"https:\/\/skorpionshop.me\/shop\/"},{"@type":"ListItem","position":3,"name":"Just Superior bademov puter 185g"}]},{"@type":"WebSite","@id":"https:\/\/skorpionshop.me\/#website","url":"https:\/\/skorpionshop.me\/","name":"Skorpion Shop","description":"","potentialAction":[{"@type":"SearchAction","target":{"@type":"EntryPoint","urlTemplate":"https:\/\/skorpionshop.me\/?s={search_term_string}"},"query-input":{"@type":"PropertyValueSpecification","valueRequired":true,"valueName":"search_term_string"}}],"inLanguage":"en-US"}]}},"_links":{"self":[{"href":"https:\/\/skorpionshop.me\/en\/wp-json\/wp\/v2\/product\/33106","targetHints":{"allow":["GET"]}}],"collection":[{"href":"https:\/\/skorpionshop.me\/en\/wp-json\/wp\/v2\/product"}],"about":[{"href":"https:\/\/skorpionshop.me\/en\/wp-json\/wp\/v2\/types\/product"}],"version-history":[{"count":1,"href":"https:\/\/skorpionshop.me\/en\/wp-json\/wp\/v2\/product\/33106\/revisions"}],"predecessor-version":[{"id":33107,"href":"https:\/\/skorpionshop.me\/en\/wp-json\/wp\/v2\/product\/33106\/revisions\/33107"}],"wp:featuredmedia":[{"embeddable":true,"href":"https:\/\/skorpionshop.me\/en\/wp-json\/wp\/v2\/media\/30259"}],"wp:attachment":[{"href":"https:\/\/skorpionshop.me\/en\/wp-json\/wp\/v2\/media?parent=33106"}],"wp:term":[{"taxonomy":"product_brand","embeddable":true,"href":"https:\/\/skorpionshop.me\/en\/wp-json\/wp\/v2\/product_brand?post=33106"},{"taxonomy":"product_cat","embeddable":true,"href":"https:\/\/skorpionshop.me\/en\/wp-json\/wp\/v2\/product_cat?post=33106"},{"taxonomy":"product_tag","embeddable":true,"href":"https:\/\/skorpionshop.me\/en\/wp-json\/wp\/v2\/product_tag?post=33106"}],"curies":[{"name":"wp","href":"https:\/\/api.w.org\/{rel}","templated":true}]}}